{"id":22,"date":"2020-08-12T09:40:11","date_gmt":"2020-08-12T09:40:11","guid":{"rendered":"http:\/\/wpbox7.net\/58\/80566031\/accordion-template-equity-and-justice\/"},"modified":"2022-03-23T16:46:45","modified_gmt":"2022-03-23T16:46:45","slug":"equity-and-justice","status":"publish","type":"page","link":"https:\/\/healthiertogetheroregon.org\/es\/equity-and-justice\/","title":{"rendered":"Equidad y justicia"},"content":{"rendered":"<p>Oregon tiene una historia compleja de supremac\u00eda blanca. Se disolvieron sesenta y una tribus federales y se rompieron tratados en varias leyes y resoluciones p\u00fablicas federales de la d\u00e9cada de 1950. Es el \u00fanico estado del pa\u00eds que no permiti\u00f3 que los estadounidenses negros se establecieran aqu\u00ed en la d\u00e9cada de 1840. Estas historias de injusticia y el racismo institucional actual crearon desventajas para las comunidades. Estas desventajas son reales, injustas e inaceptables.<\/p>\n<p>El COVID-19 puso de relieve los impactos de nuestra sociedad racista. Tanto en infecciones como en muertes, el COVID-19 afect\u00f3 de manera injusta a las comunidades negras, ind\u00edgenas, de color e ind\u00edgenas estadounidenses\/nativos de Alaska (BIPOC-AI\/AN). El dolor provocado por el COVID-19 es terrible para todas las personas de Oregon, pero las comunidades no blancas llevan la mayor carga de esta pandemia.<\/p>\n<p>La equidad racial debe ser una base del accionar de las agencias estatales. Es necesario que se integre en todo lo que hacemos. Hasta que las comunidades BIPOC-AI\/AN compartan la facultad para tomar decisiones en nuestro estado, las decisiones favorecer\u00e1n a la cultura dominante. Esto, a su vez, reforzar\u00e1 la parcialidad institucional y contribuir\u00e1 a las disparidades. Nos comprometemos a cambiar la forma en que nos conducimos mediante la creaci\u00f3n conjunta y el poder compartido con las comunidades.<\/p>","protected":false},"excerpt":{"rendered":"<p>Oregon has a complex history of white supremacy. Sixty-one federal tribes were terminated and treaties&#8230;<\/p>","protected":false},"author":1,"featured_media":36,"parent":0,"menu_order":0,"comment_status":"closed","ping_status":"closed","template":"templates\/our-plans.php","meta":{"footnotes":""},"class_list":["post-22","page","type-page","status-publish","has-post-thumbnail","hentry"],"_links":{"self":[{"href":"https:\/\/healthiertogetheroregon.org\/es\/wp-json\/wp\/v2\/pages\/22","targetHints":{"allow":["GET"]}}],"collection":[{"href":"https:\/\/healthiertogetheroregon.org\/es\/wp-json\/wp\/v2\/pages"}],"about":[{"href":"https:\/\/healthiertogetheroregon.org\/es\/wp-json\/wp\/v2\/types\/page"}],"author":[{"embeddable":true,"href":"https:\/\/healthiertogetheroregon.org\/es\/wp-json\/wp\/v2\/users\/1"}],"replies":[{"embeddable":true,"href":"https:\/\/healthiertogetheroregon.org\/es\/wp-json\/wp\/v2\/comments?post=22"}],"version-history":[{"count":0,"href":"https:\/\/healthiertogetheroregon.org\/es\/wp-json\/wp\/v2\/pages\/22\/revisions"}],"wp:featuredmedia":[{"embeddable":true,"href":"https:\/\/healthiertogetheroregon.org\/es\/wp-json\/wp\/v2\/media\/36"}],"wp:attachment":[{"href":"https:\/\/healthiertogetheroregon.org\/es\/wp-json\/wp\/v2\/media?parent=22"}],"curies":[{"name":"wp","href":"https:\/\/api.w.org\/{rel}","templated":true}]}}